{"id":2896,"date":"2024-05-27T16:41:51","date_gmt":"2024-05-27T16:41:51","guid":{"rendered":"https:\/\/jmdlavoz.org\/?page_id=2896"},"modified":"2024-06-24T17:47:04","modified_gmt":"2024-06-24T17:47:04","slug":"resonancia-cultural","status":"publish","type":"page","link":"https:\/\/jmdlavoz.org\/en\/resonancia-cultural\/","title":{"rendered":"Resonancia Cultural"},"content":{"rendered":"<style>.elementor-2896 .elementor-element.elementor-element-7b746c2{transition:background 0.3s, border 0.3s, border-radius 0.3s, box-shadow 0.3s;padding:170px 0px 158px 0px;}.elementor-2896 .elementor-element.elementor-element-7b746c2 > .elementor-background-overlay{transition:background 0.3s, border-radius 0.3s, opacity 0.3s;}.elementor-2896 .elementor-element.elementor-element-a9df2c9 > .elementor-widget-wrap > .elementor-widget:not(.elementor-widget__width-auto):not(.elementor-widget__width-initial):not(:last-child):not(.elementor-absolute){margin-block-end:0px;}.elementor-2896 .elementor-element.elementor-element-a9df2c9:not(.elementor-motion-effects-element-type-background) > .elementor-widget-wrap, .elementor-2896 .elementor-element.elementor-element-a9df2c9 > .elementor-widget-wrap > .elementor-motion-effects-container > .elementor-motion-effects-layer{background-color:#12AEC97A;}.elementor-2896 .elementor-element.elementor-element-a9df2c9 > .elementor-element-populated{border-style:none;transition:background 0.3s, border 0.3s, border-radius 0.3s, box-shadow 0.3s;padding:185px 30px 0px 8px;}.elementor-2896 .elementor-element.elementor-element-a9df2c9 > .elementor-element-populated > .elementor-background-overlay{transition:background 0.3s, border-radius 0.3s, opacity 0.3s;}.elementor-2896 .elementor-element.elementor-element-54a62d0 .elementskit-section-title-wraper .elementskit-section-title{color:var( --e-global-color-astglobalcolor5 );text-shadow:0px 0px 0px rgba(207.39999999999998, 186.20913043478262, 186.20913043478262, 0.7);margin:0px 0px 0px 0px;font-family:\"Bebas Neue\", Sans-serif;font-size:56px;font-weight:900;text-transform:uppercase;line-height:1em;}.elementor-2896 .elementor-element.elementor-element-54a62d0 .elementskit-section-title-wraper .elementskit-section-title > span{color:#2575fc;text-shadow:0px 0px 0px rgba(0,0,0,0.3);}.elementor-2896 .elementor-element.elementor-element-54a62d0 .elementskit-section-title-wraper .elementskit-section-title:hover > span{color:#000000;}.elementor-2896 .elementor-element.elementor-element-54a62d0 > .elementor-widget-container{margin:-151px 0px 0px 14px;}.elementor-2896 .elementor-element.elementor-element-54a62d0{width:var( --container-widget-width, 100% );max-width:100%;--container-widget-width:100%;--container-widget-flex-grow:0;}.elementor-2896 .elementor-element.elementor-element-e781256 > .elementor-container{max-width:1040px;}.elementor-2896 .elementor-element.elementor-element-e781256 > .elementor-background-overlay{background-color:#f5f7fa;background-image:url(\"https:\/\/jmdlavoz.org\/wp-content\/uploads\/2021\/08\/30.png\");opacity:0.97;transition:background 0.3s, border-radius 0.3s, opacity 0.3s;}.elementor-2896 .elementor-element.elementor-element-e781256{transition:background 0.3s, border 0.3s, border-radius 0.3s, box-shadow 0.3s;padding:80px 0px 60px 0px;}.elementor-2896 .elementor-element.elementor-element-61f61e1 > .elementor-widget-wrap > .elementor-widget:not(.elementor-widget__width-auto):not(.elementor-widget__width-initial):not(:last-child):not(.elementor-absolute){margin-block-end:12px;}.elementor-2896 .elementor-element.elementor-element-f66650e{text-align:start;}.elementor-2896 .elementor-element.elementor-element-e946f0f .elementor-heading-title{font-size:3rem;font-weight:500;line-height:1.1666em;color:rgba(0,0,0,0.8);}.elementor-2896 .elementor-element.elementor-element-9c63410{--divider-border-style:solid;--divider-color:var( --e-global-color-primary );--divider-border-width:4px;}.elementor-2896 .elementor-element.elementor-element-9c63410 .elementor-divider-separator{width:48px;}.elementor-2896 .elementor-element.elementor-element-9c63410 .elementor-divider{padding-block-start:8px;padding-block-end:8px;}.elementor-2896 .elementor-element.elementor-element-be8d2b9{text-align:justify;}.elementor-2896 .elementor-element.elementor-element-be8d2b9 .elementor-heading-title{font-family:\"Didact Gothic\", Sans-serif;font-size:1.25rem;font-weight:normal;text-transform:none;line-height:1.4em;letter-spacing:0.15px;color:var( --e-global-color-text );}.elementor-2896 .elementor-element.elementor-element-be8d2b9 > .elementor-widget-container{margin:0px 0px 20px 0px;}.elementor-2896 .elementor-element.elementor-element-909f302 .elementor-wrapper{--video-aspect-ratio:1.77777;}.elementor-2896 .elementor-element.elementor-element-485a8c8{text-align:start;}.elementor-2896 .elementor-element.elementor-element-485a8c8 .elementor-heading-title{font-family:\"Roboto\", Sans-serif;font-size:1.1rem;font-weight:400;font-style:italic;line-height:1.4em;letter-spacing:0.15px;color:var( --e-global-color-text );}.elementor-2896 .elementor-element.elementor-element-485a8c8 > .elementor-widget-container{padding:0px 0px 0px 24px;border-style:solid;border-width:0px 0px 0px 4px;border-color:rgba(0,0,0,0.1);border-radius:0px 0px 0px 1px;}.elementor-2896 .elementor-element.elementor-element-4ac9e4e{--grid-template-columns:repeat(0, auto);--icon-size:14px;--grid-column-gap:6px;--grid-row-gap:0px;}.elementor-2896 .elementor-element.elementor-element-4ac9e4e .elementor-social-icon{background-color:rgba(255,255,255,0);--icon-padding:0.6em;}.elementor-2896 .elementor-element.elementor-element-4ac9e4e .elementor-social-icon i{color:#999999;}.elementor-2896 .elementor-element.elementor-element-4ac9e4e .elementor-social-icon svg{fill:#999999;}.elementor-2896 .elementor-element.elementor-element-4ac9e4e .elementor-icon{border-radius:24px 24px 24px 24px;}.elementor-2896 .elementor-element.elementor-element-4ac9e4e .elementor-social-icon:hover{background-color:rgba(0,0,0,0.12);}.elementor-2896 .elementor-element.elementor-element-4ac9e4e .elementor-social-icon:hover i{color:#777777;}.elementor-2896 .elementor-element.elementor-element-4ac9e4e .elementor-social-icon:hover svg{fill:#777777;}@media(max-width:1024px){.elementor-2896 .elementor-element.elementor-element-54a62d0 .elementskit-section-title-wraper .elementskit-section-title{font-size:70px;}.elementor-2896 .elementor-element.elementor-element-e946f0f .elementor-heading-title{font-size:3rem;}}@media(max-width:767px){.elementor-2896 .elementor-element.elementor-element-54a62d0 .elementskit-section-title-wraper .elementskit-section-title{font-size:46px;}.elementor-2896 .elementor-element.elementor-element-e781256{padding:40px 0px 40px 0px;}.elementor-2896 .elementor-element.elementor-element-e946f0f .elementor-heading-title{font-size:2.5rem;}.elementor-2896 .elementor-element.elementor-element-be8d2b9 .elementor-heading-title{font-size:1rem;}}<\/style>\t\t<div data-elementor-type=\"wp-page\" data-elementor-id=\"2896\" class=\"elementor elementor-2896\">\n\t\t\t\t\t\t<section class=\"elementor-section elementor-top-section elementor-element elementor-element-7b746c2 elementor-section-boxed elementor-section-height-default elementor-section-height-default wpr-particle-no wpr-jarallax-no wpr-parallax-no wpr-sticky-section-no wpr-equal-height-no\" data-id=\"7b746c2\" data-element_type=\"section\" data-e-type=\"section\" data-settings=\"{&quot;background_background&quot;:&quot;slideshow&quot;,&quot;background_slideshow_gallery&quot;:[{&quot;id&quot;:3018,&quot;url&quot;:&quot;https:\\\/\\\/jmdlavoz.org\\\/wp-content\\\/uploads\\\/2024\\\/06\\\/4.png&quot;},{&quot;id&quot;:3019,&quot;url&quot;:&quot;https:\\\/\\\/jmdlavoz.org\\\/wp-content\\\/uploads\\\/2024\\\/06\\\/5.png&quot;},{&quot;id&quot;:3020,&quot;url&quot;:&quot;https:\\\/\\\/jmdlavoz.org\\\/wp-content\\\/uploads\\\/2024\\\/06\\\/6.png&quot;},{&quot;id&quot;:3021,&quot;url&quot;:&quot;https:\\\/\\\/jmdlavoz.org\\\/wp-content\\\/uploads\\\/2024\\\/06\\\/7.png&quot;},{&quot;id&quot;:3022,&quot;url&quot;:&quot;https:\\\/\\\/jmdlavoz.org\\\/wp-content\\\/uploads\\\/2024\\\/06\\\/8.png&quot;},{&quot;id&quot;:3023,&quot;url&quot;:&quot;https:\\\/\\\/jmdlavoz.org\\\/wp-content\\\/uploads\\\/2024\\\/06\\\/9.png&quot;},{&quot;id&quot;:3024,&quot;url&quot;:&quot;https:\\\/\\\/jmdlavoz.org\\\/wp-content\\\/uploads\\\/2024\\\/06\\\/10.png&quot;},{&quot;id&quot;:3025,&quot;url&quot;:&quot;https:\\\/\\\/jmdlavoz.org\\\/wp-content\\\/uploads\\\/2024\\\/06\\\/1.png&quot;},{&quot;id&quot;:3026,&quot;url&quot;:&quot;https:\\\/\\\/jmdlavoz.org\\\/wp-content\\\/uploads\\\/2024\\\/06\\\/2.png&quot;},{&quot;id&quot;:3027,&quot;url&quot;:&quot;https:\\\/\\\/jmdlavoz.org\\\/wp-content\\\/uploads\\\/2024\\\/06\\\/3.png&quot;}],&quot;background_slideshow_slide_duration&quot;:2000,&quot;background_slideshow_lazyload&quot;:&quot;yes&quot;,&quot;background_slideshow_ken_burns&quot;:&quot;yes&quot;,&quot;background_slideshow_loop&quot;:&quot;yes&quot;,&quot;background_slideshow_slide_transition&quot;:&quot;fade&quot;,&quot;background_slideshow_transition_duration&quot;:500,&quot;background_slideshow_ken_burns_zoom_direction&quot;:&quot;in&quot;}\">\n\t\t\t\t\t\t<div class=\"elementor-container elementor-column-gap-default\">\n\t\t\t\t\t<div class=\"elementor-column elementor-col-100 elementor-top-column elementor-element elementor-element-a9df2c9\" data-id=\"a9df2c9\" data-element_type=\"column\" data-e-type=\"column\" data-settings=\"{&quot;background_background&quot;:&quot;classic&quot;}\">\n\t\t\t<div class=\"elementor-widget-wrap elementor-element-populated\">\n\t\t\t\t\t\t<div class=\"elementor-element elementor-element-54a62d0 elementor-widget__width-initial elementor-widget elementor-widget-elementskit-heading\" data-id=\"54a62d0\" data-element_type=\"widget\" data-e-type=\"widget\" data-widget_type=\"elementskit-heading.default\">\n\t\t\t\t<div class=\"elementor-widget-container\">\n\t\t\t\t\t<div class=\"ekit-wid-con\" ><div class=\"ekit-heading elementskit-section-title-wraper text_center   ekit_heading_tablet-   ekit_heading_mobile-\"><h2 class=\"ekit-heading--title elementskit-section-title \">ESCUELA ACELERADORA DE FORMACI\u00d3N ART\u00cdSTICA, CULTURAL Y MEDIO AMBIENTAL PARA LA CONSTRUCCI\u00d3N DE PAZ<\/h2><\/div><\/div>\t\t\t\t<\/div>\n\t\t\t\t<\/div>\n\t\t\t\t\t<\/div>\n\t\t<\/div>\n\t\t\t\t\t<\/div>\n\t\t<\/section>\n\t\t\t\t<section class=\"elementor-section elementor-top-section elementor-element elementor-element-a0fbfb6 elementor-section-full_width elementor-section-height-default elementor-section-height-default wpr-particle-no wpr-jarallax-no wpr-parallax-no wpr-sticky-section-no wpr-equal-height-no\" data-id=\"a0fbfb6\" data-element_type=\"section\" data-e-type=\"section\">\n\t\t\t\t\t\t<div class=\"elementor-container elementor-column-gap-default\">\n\t\t\t\t\t<div class=\"elementor-column elementor-col-100 elementor-top-column elementor-element elementor-element-23eb8f5\" data-id=\"23eb8f5\" data-element_type=\"column\" data-e-type=\"column\">\n\t\t\t<div class=\"elementor-widget-wrap\">\n\t\t\t\t\t\t\t<\/div>\n\t\t<\/div>\n\t\t\t\t\t<\/div>\n\t\t<\/section>\n\t\t\t\t<section class=\"elementor-section elementor-top-section elementor-element elementor-element-e781256 envato-kit-141-top-0 elementor-section-boxed elementor-section-height-default elementor-section-height-default wpr-particle-no wpr-jarallax-no wpr-parallax-no wpr-sticky-section-no wpr-equal-height-no\" data-id=\"e781256\" data-element_type=\"section\" data-e-type=\"section\" data-settings=\"{&quot;background_background&quot;:&quot;classic&quot;}\">\n\t\t\t\t\t\t\t<div class=\"elementor-background-overlay\"><\/div>\n\t\t\t\t\t\t\t<div class=\"elementor-container elementor-column-gap-wider\">\n\t\t\t\t\t<div class=\"elementor-column elementor-col-50 elementor-top-column elementor-element elementor-element-61f61e1\" data-id=\"61f61e1\" data-element_type=\"column\" data-e-type=\"column\">\n\t\t\t<div class=\"elementor-widget-wrap elementor-element-populated\">\n\t\t\t\t\t\t<div class=\"elementor-element elementor-element-f66650e elementor-widget elementor-widget-image\" data-id=\"f66650e\" data-element_type=\"widget\" data-e-type=\"widget\" data-widget_type=\"image.default\">\n\t\t\t\t<div class=\"elementor-widget-container\">\n\t\t\t\t\t\t\t\t\t\t\t\t\t\t\t<img fetchpriority=\"high\" decoding=\"async\" width=\"300\" height=\"300\" src=\"https:\/\/jmdlavoz.org\/wp-content\/uploads\/2024\/05\/Logo-Resonancia-C@300x-100-ok-300x300.png\" class=\"attachment-medium size-medium wp-image-2897\" alt=\"\" srcset=\"https:\/\/jmdlavoz.org\/wp-content\/uploads\/2024\/05\/Logo-Resonancia-C@300x-100-ok-300x300.png 300w, https:\/\/jmdlavoz.org\/wp-content\/uploads\/2024\/05\/Logo-Resonancia-C@300x-100-ok-1024x1024.png 1024w, https:\/\/jmdlavoz.org\/wp-content\/uploads\/2024\/05\/Logo-Resonancia-C@300x-100-ok-150x150.png 150w, https:\/\/jmdlavoz.org\/wp-content\/uploads\/2024\/05\/Logo-Resonancia-C@300x-100-ok-768x768.png 768w, https:\/\/jmdlavoz.org\/wp-content\/uploads\/2024\/05\/Logo-Resonancia-C@300x-100-ok-1536x1536.png 1536w, https:\/\/jmdlavoz.org\/wp-content\/uploads\/2024\/05\/Logo-Resonancia-C@300x-100-ok-2048x2048.png 2048w, https:\/\/jmdlavoz.org\/wp-content\/uploads\/2024\/05\/Logo-Resonancia-C@300x-100-ok-12x12.png 12w, https:\/\/jmdlavoz.org\/wp-content\/uploads\/2024\/05\/Logo-Resonancia-C@300x-100-ok-500x500.png 500w, https:\/\/jmdlavoz.org\/wp-content\/uploads\/2024\/05\/Logo-Resonancia-C@300x-100-ok-75x75.png 75w, https:\/\/jmdlavoz.org\/wp-content\/uploads\/2024\/05\/Logo-Resonancia-C@300x-100-ok-750x750.png 750w, https:\/\/jmdlavoz.org\/wp-content\/uploads\/2024\/05\/Logo-Resonancia-C@300x-100-ok-1140x1140.png 1140w\" sizes=\"(max-width: 300px) 100vw, 300px\" \/>\t\t\t\t\t\t\t\t\t\t\t\t\t\t\t<\/div>\n\t\t\t\t<\/div>\n\t\t\t\t<div class=\"elementor-element elementor-element-e946f0f elementor-invisible elementor-widget elementor-widget-heading\" data-id=\"e946f0f\" data-element_type=\"widget\" data-e-type=\"widget\" data-settings=\"{&quot;_animation&quot;:&quot;fadeIn&quot;,&quot;_animation_delay&quot;:100}\" data-widget_type=\"heading.default\">\n\t\t\t\t<div class=\"elementor-widget-container\">\n\t\t\t\t\t<h2 class=\"elementor-heading-title elementor-size-default\">Resonancia Cultural Quibd\u00f3<\/h2>\t\t\t\t<\/div>\n\t\t\t\t<\/div>\n\t\t\t\t<div class=\"elementor-element elementor-element-9c63410 elementor-widget-divider--view-line elementor-invisible elementor-widget elementor-widget-divider\" data-id=\"9c63410\" data-element_type=\"widget\" data-e-type=\"widget\" data-settings=\"{&quot;_animation&quot;:&quot;fadeIn&quot;,&quot;_animation_delay&quot;:150}\" data-widget_type=\"divider.default\">\n\t\t\t\t<div class=\"elementor-widget-container\">\n\t\t\t\t\t\t\t<div class=\"elementor-divider\">\n\t\t\t<span class=\"elementor-divider-separator\">\n\t\t\t\t\t\t<\/span>\n\t\t<\/div>\n\t\t\t\t\t\t<\/div>\n\t\t\t\t<\/div>\n\t\t\t\t<div class=\"elementor-element elementor-element-be8d2b9 elementor-invisible elementor-widget elementor-widget-heading\" data-id=\"be8d2b9\" data-element_type=\"widget\" data-e-type=\"widget\" data-settings=\"{&quot;_animation&quot;:&quot;fadeIn&quot;,&quot;_animation_delay&quot;:200}\" data-widget_type=\"heading.default\">\n\t\t\t\t<div class=\"elementor-widget-container\">\n\t\t\t\t\t<h2 class=\"elementor-heading-title elementor-size-default\">Este proyecto propone la realizaci\u00f3n de una Escuela de formaci\u00f3n que contribuya al desarrollo de las habilidades, talentos y competencias comunicativas, art\u00edsticas, culturales, orales, medioambientales, etc. A trav\u00e9s de una formaci\u00f3n con una estrategia metodol\u00f3gica integral y la generaci\u00f3n - circulaci\u00f3n de  productos audiovisuales utilizando medios digitales y medios de comunicaci\u00f3n para la construcci\u00f3n de paz y la transformaci\u00f3n de narrativas. \n<\/h2>\t\t\t\t<\/div>\n\t\t\t\t<\/div>\n\t\t\t\t\t<\/div>\n\t\t<\/div>\n\t\t\t\t<div class=\"elementor-column elementor-col-50 elementor-top-column elementor-element elementor-element-7cf6602\" data-id=\"7cf6602\" data-element_type=\"column\" data-e-type=\"column\">\n\t\t\t<div class=\"elementor-widget-wrap elementor-element-populated\">\n\t\t\t\t\t\t<div class=\"elementor-element elementor-element-909f302 elementor-widget elementor-widget-video\" data-id=\"909f302\" data-element_type=\"widget\" data-e-type=\"widget\" data-settings=\"{&quot;youtube_url&quot;:&quot;https:\\\/\\\/youtu.be\\\/0Fn84xiSknE&quot;,&quot;autoplay&quot;:&quot;yes&quot;,&quot;play_on_mobile&quot;:&quot;yes&quot;,&quot;loop&quot;:&quot;yes&quot;,&quot;video_type&quot;:&quot;youtube&quot;,&quot;controls&quot;:&quot;yes&quot;}\" data-widget_type=\"video.default\">\n\t\t\t\t<div class=\"elementor-widget-container\">\n\t\t\t\t\t\t\t<div class=\"elementor-wrapper elementor-open-inline\">\n\t\t\t<div class=\"elementor-video\"><\/div>\t\t<\/div>\n\t\t\t\t\t\t<\/div>\n\t\t\t\t<\/div>\n\t\t\t\t<div class=\"elementor-element elementor-element-485a8c8 elementor-widget elementor-widget-heading\" data-id=\"485a8c8\" data-element_type=\"widget\" data-e-type=\"widget\" data-widget_type=\"heading.default\">\n\t\t\t\t<div class=\"elementor-widget-container\">\n\t\t\t\t\t<h2 class=\"elementor-heading-title elementor-size-default\">Momentos resonancia cultural \/ canci\u00f3n oficial<\/h2>\t\t\t\t<\/div>\n\t\t\t\t<\/div>\n\t\t\t\t<div class=\"elementor-element elementor-element-4ac9e4e elementor-shape-rounded elementor-grid-0 elementor-widget elementor-widget-social-icons\" data-id=\"4ac9e4e\" data-element_type=\"widget\" data-e-type=\"widget\" data-widget_type=\"social-icons.default\">\n\t\t\t\t<div class=\"elementor-widget-container\">\n\t\t\t\t\t\t\t<div class=\"elementor-social-icons-wrapper elementor-grid\" role=\"list\">\n\t\t\t\t\t\t\t<span class=\"elementor-grid-item\" role=\"listitem\">\n\t\t\t\t\t<a class=\"elementor-icon elementor-social-icon elementor-social-icon-facebook elementor-repeater-item-5bed563\" target=\"_blank\">\n\t\t\t\t\t\t<span class=\"elementor-screen-only\">Facebook<\/span>\n\t\t\t\t\t\t\t\t\t\t\t\t\t<i class=\"fa fa-facebook\" aria-hidden=\"true\"><\/i>\n\t\t\t\t\t\t\t\t\t\t\t<\/a>\n\t\t\t\t<\/span>\n\t\t\t\t\t\t\t<span class=\"elementor-grid-item\" role=\"listitem\">\n\t\t\t\t\t<a class=\"elementor-icon elementor-social-icon elementor-social-icon-twitter elementor-repeater-item-a4a48a6\" target=\"_blank\">\n\t\t\t\t\t\t<span class=\"elementor-screen-only\">Twitter<\/span>\n\t\t\t\t\t\t\t\t\t\t\t\t\t<i class=\"fa fa-twitter\" aria-hidden=\"true\"><\/i>\n\t\t\t\t\t\t\t\t\t\t\t<\/a>\n\t\t\t\t<\/span>\n\t\t\t\t\t\t\t<span class=\"elementor-grid-item\" role=\"listitem\">\n\t\t\t\t\t<a class=\"elementor-icon elementor-social-icon elementor-social-icon-linkedin elementor-repeater-item-63a961a\" target=\"_blank\">\n\t\t\t\t\t\t<span class=\"elementor-screen-only\">Linkedin<\/span>\n\t\t\t\t\t\t\t\t\t\t\t\t\t<i class=\"fa fa-linkedin\" aria-hidden=\"true\"><\/i>\n\t\t\t\t\t\t\t\t\t\t\t<\/a>\n\t\t\t\t<\/span>\n\t\t\t\t\t\t\t<span class=\"elementor-grid-item\" role=\"listitem\">\n\t\t\t\t\t<a class=\"elementor-icon elementor-social-icon elementor-social-icon-instagram elementor-repeater-item-fa71646\" target=\"_blank\">\n\t\t\t\t\t\t<span class=\"elementor-screen-only\">Instagram<\/span>\n\t\t\t\t\t\t\t\t\t\t\t\t\t<i class=\"fa fa-instagram\" aria-hidden=\"true\"><\/i>\n\t\t\t\t\t\t\t\t\t\t\t<\/a>\n\t\t\t\t<\/span>\n\t\t\t\t\t<\/div>\n\t\t\t\t\t\t<\/div>\n\t\t\t\t<\/div>\n\t\t\t\t\t<\/div>\n\t\t<\/div>\n\t\t\t\t\t<\/div>\n\t\t<\/section>\n\t\t\t\t<\/div>\n\t\t","protected":false},"excerpt":{"rendered":"<p>ESCUELA ACELERADORA DE FORMACI\u00d3N ART\u00cdSTICA, CULTURAL Y MEDIO AMBIENTAL PARA LA CONSTRUCCI\u00d3N DE PAZ Resonancia Cultural Quibd\u00f3 Este proyecto propone la realizaci\u00f3n de una Escuela de formaci\u00f3n que contribuya al desarrollo de las habilidades, talentos y competencias comunicativas, art\u00edsticas, culturales, orales, medioambientales, etc. A trav\u00e9s de una formaci\u00f3n con una estrategia metodol\u00f3gica integral y la generaci\u00f3n &#8211; circulaci\u00f3n de productos audiovisuales utilizando medios digitales y medios de comunicaci\u00f3n para la construcci\u00f3n de paz y la transformaci\u00f3n de narrativas. Momentos resonancia cultural \/ canci\u00f3n oficial Facebook Twitter Linkedin Instagram<\/p>","protected":false},"author":1,"featured_media":0,"parent":0,"menu_order":0,"comment_status":"closed","ping_status":"closed","template":"","meta":{"_monsterinsights_skip_tracking":false,"_monsterinsights_sitenote_active":false,"_monsterinsights_sitenote_note":"","_monsterinsights_sitenote_category":0,"site-sidebar-layout":"no-sidebar","site-content-layout":"page-builder","ast-site-content-layout":"full-width-container","site-content-style":"unboxed","site-sidebar-style":"unboxed","ast-global-header-display":"","ast-banner-title-visibility":"","ast-main-header-display":"","ast-hfb-above-header-display":"","ast-hfb-below-header-display":"","ast-hfb-mobile-header-display":"","site-post-title":"disabled","ast-breadcrumbs-content":"","ast-featured-img":"disabled","footer-sml-layout":"","ast-disable-related-posts":"","theme-transparent-header-meta":"","adv-header-id-meta":"","stick-header-meta":"","header-above-stick-meta":"","header-main-stick-meta":"","header-below-stick-meta":"","astra-migrate-meta-layouts":"set","ast-page-background-enabled":"default","ast-page-background-meta":{"desktop":{"background-color":"var(--ast-global-color-4)","background-image":"","background-repeat":"repeat","background-position":"center center","background-size":"auto","background-attachment":"scroll","background-type":"","background-media":"","overlay-type":"","overlay-color":"","overlay-opacity":"","overlay-gradient":""},"tablet":{"background-color":"","background-image":"","background-repeat":"repeat","background-position":"center center","background-size":"auto","background-attachment":"scroll","background-type":"","background-media":"","overlay-type":"","overlay-color":"","overlay-opacity":"","overlay-gradient":""},"mobile":{"background-color":"","background-image":"","background-repeat":"repeat","background-position":"center center","background-size":"auto","background-attachment":"scroll","background-type":"","background-media":"","overlay-type":"","overlay-color":"","overlay-opacity":"","overlay-gradient":""}},"ast-content-background-meta":{"desktop":{"background-color":"var(--ast-global-color-5)","background-image":"","background-repeat":"repeat","background-position":"center center","background-size":"auto","background-attachment":"scroll","background-type":"","background-media":"","overlay-type":"","overlay-color":"","overlay-opacity":"","overlay-gradient":""},"tablet":{"background-color":"var(--ast-global-color-5)","background-image":"","background-repeat":"repeat","background-position":"center center","background-size":"auto","background-attachment":"scroll","background-type":"","background-media":"","overlay-type":"","overlay-color":"","overlay-opacity":"","overlay-gradient":""},"mobile":{"background-color":"var(--ast-global-color-5)","background-image":"","background-repeat":"repeat","background-position":"center center","background-size":"auto","background-attachment":"scroll","background-type":"","background-media":"","overlay-type":"","overlay-color":"","overlay-opacity":"","overlay-gradient":""}},"footnotes":""},"class_list":["post-2896","page","type-page","status-publish","hentry"],"aioseo_notices":[],"_links":{"self":[{"href":"https:\/\/jmdlavoz.org\/en\/wp-json\/wp\/v2\/pages\/2896","targetHints":{"allow":["GET"]}}],"collection":[{"href":"https:\/\/jmdlavoz.org\/en\/wp-json\/wp\/v2\/pages"}],"about":[{"href":"https:\/\/jmdlavoz.org\/en\/wp-json\/wp\/v2\/types\/page"}],"author":[{"embeddable":true,"href":"https:\/\/jmdlavoz.org\/en\/wp-json\/wp\/v2\/users\/1"}],"replies":[{"embeddable":true,"href":"https:\/\/jmdlavoz.org\/en\/wp-json\/wp\/v2\/comments?post=2896"}],"version-history":[{"count":31,"href":"https:\/\/jmdlavoz.org\/en\/wp-json\/wp\/v2\/pages\/2896\/revisions"}],"predecessor-version":[{"id":3045,"href":"https:\/\/jmdlavoz.org\/en\/wp-json\/wp\/v2\/pages\/2896\/revisions\/3045"}],"wp:attachment":[{"href":"https:\/\/jmdlavoz.org\/en\/wp-json\/wp\/v2\/media?parent=2896"}],"curies":[{"name":"wp","href":"https:\/\/api.w.org\/{rel}","templated":true}]}}