{"id":1993,"date":"2024-04-29T21:50:32","date_gmt":"2024-04-29T21:50:32","guid":{"rendered":"https:\/\/jmdlavoz.org\/?page_id=1993"},"modified":"2024-07-27T16:51:00","modified_gmt":"2024-07-27T16:51:00","slug":"culturas-artes-y-saberes","status":"publish","type":"page","link":"https:\/\/jmdlavoz.org\/en\/culturas-artes-y-saberes\/","title":{"rendered":"Cultures, Arts and Knowledge"},"content":{"rendered":"<style>.elementor-1993 .elementor-element.elementor-element-75f3126{text-align:center;}.elementor-1993 .elementor-element.elementor-element-75f3126 .elementor-heading-title{font-family:var( --e-global-typography-secondary-font-family ), Sans-serif;font-size:var( --e-global-typography-secondary-font-size );font-weight:var( --e-global-typography-secondary-font-weight );text-transform:var( --e-global-typography-secondary-text-transform );line-height:var( --e-global-typography-secondary-line-height );color:var( --e-global-color-secondary );}.elementor-1993 .elementor-element.elementor-element-b47a466{text-align:justify;}.elementor-1993 .elementor-element.elementor-element-b47a466 .elementor-heading-title{font-family:var( --e-global-typography-accent-font-family ), Sans-serif;font-size:var( --e-global-typography-accent-font-size );font-weight:var( --e-global-typography-accent-font-weight );text-transform:var( --e-global-typography-accent-text-transform );color:var( --e-global-color-text );}.elementor-1993 .elementor-element.elementor-element-b47a466 > .elementor-widget-container{margin:0px 0px 20px 0px;}@media(max-width:1024px){.elementor-1993 .elementor-element.elementor-element-75f3126 .elementor-heading-title{font-size:var( --e-global-typography-secondary-font-size );line-height:var( --e-global-typography-secondary-line-height );}.elementor-1993 .elementor-element.elementor-element-b47a466 .elementor-heading-title{font-size:var( --e-global-typography-accent-font-size );}}@media(max-width:767px){.elementor-1993 .elementor-element.elementor-element-75f3126 .elementor-heading-title{font-size:var( --e-global-typography-secondary-font-size );line-height:var( --e-global-typography-secondary-line-height );}.elementor-1993 .elementor-element.elementor-element-b47a466 .elementor-heading-title{font-size:var( --e-global-typography-accent-font-size );}}<\/style>\t\t<div data-elementor-type=\"wp-page\" data-elementor-id=\"1993\" class=\"elementor elementor-1993\">\n\t\t\t\t\t\t<section class=\"elementor-section elementor-top-section elementor-element elementor-element-df36314 elementor-section-boxed elementor-section-height-default elementor-section-height-default wpr-particle-no wpr-jarallax-no wpr-parallax-no wpr-sticky-section-no wpr-equal-height-no\" data-id=\"df36314\" data-element_type=\"section\" data-e-type=\"section\">\n\t\t\t\t\t\t<div class=\"elementor-container elementor-column-gap-default\">\n\t\t\t\t\t<div class=\"elementor-column elementor-col-33 elementor-top-column elementor-element elementor-element-2169dc3\" data-id=\"2169dc3\" data-element_type=\"column\" data-e-type=\"column\">\n\t\t\t<div class=\"elementor-widget-wrap elementor-element-populated\">\n\t\t\t\t\t\t<div class=\"elementor-element elementor-element-b4508e9 elementor-widget elementor-widget-image\" data-id=\"b4508e9\" data-element_type=\"widget\" data-e-type=\"widget\" data-widget_type=\"image.default\">\n\t\t\t\t<div class=\"elementor-widget-container\">\n\t\t\t\t\t\t\t\t\t\t\t\t\t\t\t<img fetchpriority=\"high\" decoding=\"async\" width=\"422\" height=\"375\" src=\"https:\/\/jmdlavoz.org\/wp-content\/uploads\/2024\/07\/La-voz-del-paciifico-Culturas-artes-y-saberes.svg\" class=\"attachment-large size-large wp-image-3361\" alt=\"\" \/>\t\t\t\t\t\t\t\t\t\t\t\t\t\t\t<\/div>\n\t\t\t\t<\/div>\n\t\t\t\t\t<\/div>\n\t\t<\/div>\n\t\t\t\t<div class=\"elementor-column elementor-col-66 elementor-top-column elementor-element elementor-element-f44f08c\" data-id=\"f44f08c\" data-element_type=\"column\" data-e-type=\"column\">\n\t\t\t<div class=\"elementor-widget-wrap elementor-element-populated\">\n\t\t\t\t\t\t<div class=\"elementor-element elementor-element-75f3126 elementor-invisible elementor-widget elementor-widget-heading\" data-id=\"75f3126\" data-element_type=\"widget\" data-e-type=\"widget\" data-settings=\"{&quot;_animation&quot;:&quot;fadeIn&quot;,&quot;_animation_delay&quot;:100}\" data-widget_type=\"heading.default\">\n\t\t\t\t<div class=\"elementor-widget-container\">\n\t\t\t\t\t<h1 class=\"elementor-heading-title elementor-size-default\">CULTURAS, ARTES Y SABERES<\/h1>\t\t\t\t<\/div>\n\t\t\t\t<\/div>\n\t\t\t\t<div class=\"elementor-element elementor-element-b47a466 elementor-invisible elementor-widget elementor-widget-heading\" data-id=\"b47a466\" data-element_type=\"widget\" data-e-type=\"widget\" data-settings=\"{&quot;_animation&quot;:&quot;fadeIn&quot;,&quot;_animation_delay&quot;:200}\" data-widget_type=\"heading.default\">\n\t\t\t\t<div class=\"elementor-widget-container\">\n\t\t\t\t\t<h2 class=\"elementor-heading-title elementor-size-default\"><span><p dir=\"ltr\" style=\"line-height:1.3800000000000001;text-align: justify;margin-top:6pt;margin-bottom:6pt\"><span><\/span><\/p><p dir=\"ltr\" style=\"line-height:1.3800000000000001;text-align: justify;margin-top:6pt;margin-bottom:6pt\"><span style=\"font-size:11pt;font-family:'Century Gothic',sans-serif;color:#000000;background-color:transparent;font-weight:400;font-style:normal;font-variant:normal;text-decoration:none;vertical-align:baseline;white-space:pre;white-space:pre-wrap\">Esta l\u00ednea se enfoca en promover y preservar la diversidad cultural, as\u00ed como en apoyar las expresiones art\u00edsticas y tradiciones locales. Busca fortalecer la identidad cultural, el conocimiento y los saberes de las comunidades, para celebrar su patrimonio cultural a trav\u00e9s de programas y eventos que fomenten la inclusi\u00f3n, la creatividad y el intercambio cultural.<\/span><\/p><\/span><\/h2>\t\t\t\t<\/div>\n\t\t\t\t<\/div>\n\t\t\t\t\t<\/div>\n\t\t<\/div>\n\t\t\t\t\t<\/div>\n\t\t<\/section>\n\t\t\t\t<\/div>","protected":false},"excerpt":{"rendered":"<p>CULTURAS, ARTES Y SABERES Esta l\u00ednea se enfoca en promover y preservar la diversidad cultural, as\u00ed como en apoyar las expresiones art\u00edsticas y tradiciones locales. Busca fortalecer la identidad cultural, el conocimiento y los saberes de las comunidades, para celebrar su patrimonio cultural a trav\u00e9s de programas y eventos que fomenten la inclusi\u00f3n, la creatividad y el intercambio cultural.<\/p>","protected":false},"author":1,"featured_media":0,"parent":0,"menu_order":0,"comment_status":"closed","ping_status":"closed","template":"","meta":{"_monsterinsights_skip_tracking":false,"_monsterinsights_sitenote_active":false,"_monsterinsights_sitenote_note":"","_monsterinsights_sitenote_category":0,"site-sidebar-layout":"no-sidebar","site-content-layout":"page-builder","ast-site-content-layout":"full-width-container","site-content-style":"default","site-sidebar-style":"default","ast-global-header-display":"","ast-banner-title-visibility":"","ast-main-header-display":"","ast-hfb-above-header-display":"","ast-hfb-below-header-display":"","ast-hfb-mobile-header-display":"","site-post-title":"disabled","ast-breadcrumbs-content":"","ast-featured-img":"disabled","footer-sml-layout":"","ast-disable-related-posts":"","theme-transparent-header-meta":"","adv-header-id-meta":"","stick-header-meta":"","header-above-stick-meta":"","header-main-stick-meta":"","header-below-stick-meta":"","astra-migrate-meta-layouts":"set","ast-page-background-enabled":"default","ast-page-background-meta":{"desktop":{"background-color":"var(--ast-global-color-4)","background-image":"","background-repeat":"repeat","background-position":"center center","background-size":"auto","background-attachment":"scroll","background-type":"","background-media":"","overlay-type":"","overlay-color":"","overlay-opacity":"","overlay-gradient":""},"tablet":{"background-color":"","background-image":"","background-repeat":"repeat","background-position":"center center","background-size":"auto","background-attachment":"scroll","background-type":"","background-media":"","overlay-type":"","overlay-color":"","overlay-opacity":"","overlay-gradient":""},"mobile":{"background-color":"","background-image":"","background-repeat":"repeat","background-position":"center center","background-size":"auto","background-attachment":"scroll","background-type":"","background-media":"","overlay-type":"","overlay-color":"","overlay-opacity":"","overlay-gradient":""}},"ast-content-background-meta":{"desktop":{"background-color":"var(--ast-global-color-5)","background-image":"","background-repeat":"repeat","background-position":"center center","background-size":"auto","background-attachment":"scroll","background-type":"","background-media":"","overlay-type":"","overlay-color":"","overlay-opacity":"","overlay-gradient":""},"tablet":{"background-color":"var(--ast-global-color-5)","background-image":"","background-repeat":"repeat","background-position":"center center","background-size":"auto","background-attachment":"scroll","background-type":"","background-media":"","overlay-type":"","overlay-color":"","overlay-opacity":"","overlay-gradient":""},"mobile":{"background-color":"var(--ast-global-color-5)","background-image":"","background-repeat":"repeat","background-position":"center center","background-size":"auto","background-attachment":"scroll","background-type":"","background-media":"","overlay-type":"","overlay-color":"","overlay-opacity":"","overlay-gradient":""}},"footnotes":""},"class_list":["post-1993","page","type-page","status-publish","hentry"],"aioseo_notices":[],"_links":{"self":[{"href":"https:\/\/jmdlavoz.org\/en\/wp-json\/wp\/v2\/pages\/1993","targetHints":{"allow":["GET"]}}],"collection":[{"href":"https:\/\/jmdlavoz.org\/en\/wp-json\/wp\/v2\/pages"}],"about":[{"href":"https:\/\/jmdlavoz.org\/en\/wp-json\/wp\/v2\/types\/page"}],"author":[{"embeddable":true,"href":"https:\/\/jmdlavoz.org\/en\/wp-json\/wp\/v2\/users\/1"}],"replies":[{"embeddable":true,"href":"https:\/\/jmdlavoz.org\/en\/wp-json\/wp\/v2\/comments?post=1993"}],"version-history":[{"count":4,"href":"https:\/\/jmdlavoz.org\/en\/wp-json\/wp\/v2\/pages\/1993\/revisions"}],"predecessor-version":[{"id":3420,"href":"https:\/\/jmdlavoz.org\/en\/wp-json\/wp\/v2\/pages\/1993\/revisions\/3420"}],"wp:attachment":[{"href":"https:\/\/jmdlavoz.org\/en\/wp-json\/wp\/v2\/media?parent=1993"}],"curies":[{"name":"wp","href":"https:\/\/api.w.org\/{rel}","templated":true}]}}