{"id":1989,"date":"2024-04-29T21:49:26","date_gmt":"2024-04-29T21:49:26","guid":{"rendered":"https:\/\/jmdlavoz.org\/?page_id=1989"},"modified":"2024-07-27T16:45:41","modified_gmt":"2024-07-27T16:45:41","slug":"comunicacion-y-tecnologia","status":"publish","type":"page","link":"https:\/\/jmdlavoz.org\/en\/comunicacion-y-tecnologia\/","title":{"rendered":"Communication and Technology"},"content":{"rendered":"<style>.elementor-1989 .elementor-element.elementor-element-d67e293{text-align:center;}.elementor-1989 .elementor-element.elementor-element-d67e293 .elementor-heading-title{font-family:var( --e-global-typography-secondary-font-family ), Sans-serif;font-size:var( --e-global-typography-secondary-font-size );font-weight:var( --e-global-typography-secondary-font-weight );text-transform:var( --e-global-typography-secondary-text-transform );line-height:var( --e-global-typography-secondary-line-height );color:var( --e-global-color-secondary );}.elementor-1989 .elementor-element.elementor-element-17a8acb{text-align:justify;}.elementor-1989 .elementor-element.elementor-element-17a8acb .elementor-heading-title{font-family:var( --e-global-typography-accent-font-family ), Sans-serif;font-size:var( --e-global-typography-accent-font-size );font-weight:var( --e-global-typography-accent-font-weight );text-transform:var( --e-global-typography-accent-text-transform );color:var( --e-global-color-text );}.elementor-1989 .elementor-element.elementor-element-17a8acb > .elementor-widget-container{margin:0px 0px 20px 0px;}.elementor-1989 .elementor-element.elementor-element-e348403 .elementor-button{font-family:\"Geom\u00e9trica\", Sans-serif;font-size:20px;font-weight:400;text-transform:none;}@media(max-width:1024px){.elementor-1989 .elementor-element.elementor-element-d67e293 .elementor-heading-title{font-size:var( --e-global-typography-secondary-font-size );line-height:var( --e-global-typography-secondary-line-height );}.elementor-1989 .elementor-element.elementor-element-17a8acb .elementor-heading-title{font-size:var( --e-global-typography-accent-font-size );}.elementor-1989 .elementor-element.elementor-element-e348403 .elementor-button{font-size:13px;}}@media(max-width:767px){.elementor-1989 .elementor-element.elementor-element-d67e293 .elementor-heading-title{font-size:var( --e-global-typography-secondary-font-size );line-height:var( --e-global-typography-secondary-line-height );}.elementor-1989 .elementor-element.elementor-element-17a8acb .elementor-heading-title{font-size:var( --e-global-typography-accent-font-size );}.elementor-1989 .elementor-element.elementor-element-e348403 .elementor-button{font-size:12px;}}<\/style>\t\t<div data-elementor-type=\"wp-page\" data-elementor-id=\"1989\" class=\"elementor elementor-1989\">\n\t\t\t\t\t\t<section class=\"elementor-section elementor-top-section elementor-element elementor-element-c3310d9 elementor-section-boxed elementor-section-height-default elementor-section-height-default wpr-particle-no wpr-jarallax-no wpr-parallax-no wpr-sticky-section-no wpr-equal-height-no\" data-id=\"c3310d9\" data-element_type=\"section\" data-e-type=\"section\">\n\t\t\t\t\t\t<div class=\"elementor-container elementor-column-gap-default\">\n\t\t\t\t\t<div class=\"elementor-column elementor-col-33 elementor-top-column elementor-element elementor-element-ebd67d0\" data-id=\"ebd67d0\" data-element_type=\"column\" data-e-type=\"column\">\n\t\t\t<div class=\"elementor-widget-wrap elementor-element-populated\">\n\t\t\t\t\t\t<div class=\"elementor-element elementor-element-d5d2b9f elementor-widget elementor-widget-image\" data-id=\"d5d2b9f\" data-element_type=\"widget\" data-e-type=\"widget\" data-widget_type=\"image.default\">\n\t\t\t\t<div class=\"elementor-widget-container\">\n\t\t\t\t\t\t\t\t\t\t\t\t\t\t\t<img fetchpriority=\"high\" decoding=\"async\" width=\"422\" height=\"375\" src=\"https:\/\/jmdlavoz.org\/wp-content\/uploads\/2024\/07\/La-voz-del-paciifico-comunicacioin-y-tecnologiia.svg\" class=\"attachment-large size-large wp-image-3362\" alt=\"\" \/>\t\t\t\t\t\t\t\t\t\t\t\t\t\t\t<\/div>\n\t\t\t\t<\/div>\n\t\t\t\t\t<\/div>\n\t\t<\/div>\n\t\t\t\t<div class=\"elementor-column elementor-col-66 elementor-top-column elementor-element elementor-element-9ddaad4\" data-id=\"9ddaad4\" data-element_type=\"column\" data-e-type=\"column\">\n\t\t\t<div class=\"elementor-widget-wrap elementor-element-populated\">\n\t\t\t\t\t\t<div class=\"elementor-element elementor-element-d67e293 elementor-invisible elementor-widget elementor-widget-heading\" data-id=\"d67e293\" data-element_type=\"widget\" data-e-type=\"widget\" data-settings=\"{&quot;_animation&quot;:&quot;fadeIn&quot;,&quot;_animation_delay&quot;:100}\" data-widget_type=\"heading.default\">\n\t\t\t\t<div class=\"elementor-widget-container\">\n\t\t\t\t\t<h1 class=\"elementor-heading-title elementor-size-default\">COMUNICACI\u00d3N Y TECN\u00d3LOGIA<\/h1>\t\t\t\t<\/div>\n\t\t\t\t<\/div>\n\t\t\t\t<div class=\"elementor-element elementor-element-17a8acb elementor-invisible elementor-widget elementor-widget-heading\" data-id=\"17a8acb\" data-element_type=\"widget\" data-e-type=\"widget\" data-settings=\"{&quot;_animation&quot;:&quot;fadeIn&quot;,&quot;_animation_delay&quot;:200}\" data-widget_type=\"heading.default\">\n\t\t\t\t<div class=\"elementor-widget-container\">\n\t\t\t\t\t<h2 class=\"elementor-heading-title elementor-size-default\"><span><p dir=\"ltr\" style=\"line-height:1.3800000000000001;text-align: justify;margin-top:6pt;margin-bottom:6pt\"><span><\/span><\/p><p dir=\"ltr\" style=\"line-height:1.3800000000000001;text-align: justify;margin-top:6pt;margin-bottom:6pt\"><span style=\"font-size:11pt;font-family:'Century Gothic',sans-serif;color:#000000;background-color:transparent;font-weight:400;font-style:normal;font-variant:normal;text-decoration:none;vertical-align:baseline;white-space:pre;white-space:pre-wrap\">Esta l\u00ednea se dedica a utilizar herramientas tecnol\u00f3gicas y estrategias de comunicaci\u00f3n para amplificar las voces de las comunidades y promover el intercambio de informaci\u00f3n. A trav\u00e9s de iniciativas innovadoras en el \u00e1mbito digital, se busca mejorar el acceso a la informaci\u00f3n, facilitar la colaboraci\u00f3n y fortalecer la participaci\u00f3n ciudadana en la toma de decisiones.<\/span><\/p><\/span><\/h2>\t\t\t\t<\/div>\n\t\t\t\t<\/div>\n\t\t\t\t<div class=\"elementor-element elementor-element-cd7dcab elementor-widget elementor-widget-radio_player\" data-id=\"cd7dcab\" data-element_type=\"widget\" data-e-type=\"widget\" data-widget_type=\"radio_player.default\">\n\t\t\t\t<div class=\"elementor-widget-container\">\n\t\t\t\t\t<div class=\"aligncenter\"><div class=\"radio_player\" data-player-type=\"shortcode\" data-data=\"eyJpZCI6MSwidGl0bGUiOiJQbGF5ZXIgVGl0bGUiLCJzdGlja3kiOmZhbHNlLCJzdGF0dXMiOnRydWUsInNraW4iOiJza2luMiIsInN0YXRpb25zIjpbeyJ0aXRsZSI6IkpNRCBMYSBWb3oiLCJzdHJlYW0iOiJodHRwczpcL1wvc3RyZWFtLnplbm8uZm1cL3QzcDVqc2ZoMG5qdnYiLCJ0aHVtYm5haWwiOiJodHRwczpcL1wvam1kbGF2b3oub3JnXC93cC1jb250ZW50XC9wbHVnaW5zXC9yYWRpby1wbGF5ZXJcL2Fzc2V0c1wvaW1hZ2VzXC9wbGFjZWhvbGRlci5wbmciLCJzb3VyY2VfdHlwZSI6InN0cmVhbSJ9XSwicG9wdXBfaWNvbiI6ZmFsc2UsInBsYXlsaXN0X2ljb24iOmZhbHNlLCJoaXN0b3J5X2ljb24iOmZhbHNlLCJ2b2x1bWVfY29udHJvbCI6dHJ1ZSwicGxheWVyX3N0YXR1cyI6dHJ1ZSwic2hvd19hcnRpc3QiOmZhbHNlLCJzaG93X2FydHdvcmsiOmZhbHNlLCJwbGF5ZXJfdGV4dCI6Ikxpc3RlbiBMaXZlIiwid2lkdGgiOjQ3NSwid2lkdGhfbW9iaWxlIjoyODUsImJvcmRlcl9yYWRpdXMiOjEwLCJiZ19jb2xvciI6IiM1NTgxQTQiLCJiZ19pbWFnZSI6Imh0dHBzOlwvXC9qbWRsYXZvei5vcmdcL3dwLWNvbnRlbnRcL3BsdWdpbnNcL3JhZGlvLXBsYXllclwvYXNzZXRzXC9pbWFnZXNcL3BsYXllci1iZy5wbmciLCJiZ190eXBlIjoiY29sb3IiLCJjb2xvcl90eXBlIjoic29saWQiLCJ0ZXh0X2NvbG9yIjoiI2ZmZiIsImJveF9zaGFkb3ciOnRydWUsImJveF9zaGFkb3dfaCI6MCwiYm94X3NoYWRvd192IjoyNSwiYm94X3NoYWRvd19ibHVyIjoyMCwiYm94X3NoYWRvd19zcHJlYWQiOi0yNSwiYm94X3NoYWRvd19jb2xvciI6IiNGRUEwMDAiLCJib3hfc2hhZG93X3R5cGUiOiIiLCJ3aWR0aF9kZXZpY2UiOiJkZXNrdG9wIn0=\"><\/div><\/div>\t\t\t\t<\/div>\n\t\t\t\t<\/div>\n\t\t\t\t<div class=\"elementor-element elementor-element-e348403 elementor-align-center elementor-widget elementor-widget-button\" data-id=\"e348403\" data-element_type=\"widget\" data-e-type=\"widget\" data-widget_type=\"button.default\">\n\t\t\t\t<div class=\"elementor-widget-container\">\n\t\t\t\t\t\t\t\t\t<div class=\"elementor-button-wrapper\">\n\t\t\t\t\t<a class=\"elementor-button elementor-button-link elementor-size-sm\" href=\"https:\/\/jmdlavoz.org\/en\/jmd-la-voz\/\">\n\t\t\t\t\t\t<span class=\"elementor-button-content-wrapper\">\n\t\t\t\t\t\t\t\t\t<span class=\"elementor-button-text\">Digital Radio Station<\/span>\n\t\t\t\t\t<\/span>\n\t\t\t\t\t<\/a>\n\t\t\t\t<\/div>\n\t\t\t\t\t\t\t\t<\/div>\n\t\t\t\t<\/div>\n\t\t\t\t\t<\/div>\n\t\t<\/div>\n\t\t\t\t\t<\/div>\n\t\t<\/section>\n\t\t\t\t<\/div>","protected":false},"excerpt":{"rendered":"<p>COMUNICACI\u00d3N Y TECN\u00d3LOGIA Esta l\u00ednea se dedica a utilizar herramientas tecnol\u00f3gicas y estrategias de comunicaci\u00f3n para amplificar las voces de las comunidades y promover el intercambio de informaci\u00f3n. A trav\u00e9s de iniciativas innovadoras en el \u00e1mbito digital, se busca mejorar el acceso a la informaci\u00f3n, facilitar la colaboraci\u00f3n y fortalecer la participaci\u00f3n ciudadana en la toma de decisiones. Emisora Digital<\/p>","protected":false},"author":1,"featured_media":0,"parent":0,"menu_order":0,"comment_status":"closed","ping_status":"closed","template":"","meta":{"_monsterinsights_skip_tracking":false,"_monsterinsights_sitenote_active":false,"_monsterinsights_sitenote_note":"","_monsterinsights_sitenote_category":0,"site-sidebar-layout":"no-sidebar","site-content-layout":"page-builder","ast-site-content-layout":"full-width-container","site-content-style":"default","site-sidebar-style":"default","ast-global-header-display":"","ast-banner-title-visibility":"","ast-main-header-display":"","ast-hfb-above-header-display":"","ast-hfb-below-header-display":"","ast-hfb-mobile-header-display":"","site-post-title":"disabled","ast-breadcrumbs-content":"","ast-featured-img":"disabled","footer-sml-layout":"","ast-disable-related-posts":"","theme-transparent-header-meta":"","adv-header-id-meta":"","stick-header-meta":"","header-above-stick-meta":"","header-main-stick-meta":"","header-below-stick-meta":"","astra-migrate-meta-layouts":"set","ast-page-background-enabled":"default","ast-page-background-meta":{"desktop":{"background-color":"var(--ast-global-color-4)","background-image":"","background-repeat":"repeat","background-position":"center center","background-size":"auto","background-attachment":"scroll","background-type":"","background-media":"","overlay-type":"","overlay-color":"","overlay-opacity":"","overlay-gradient":""},"tablet":{"background-color":"","background-image":"","background-repeat":"repeat","background-position":"center center","background-size":"auto","background-attachment":"scroll","background-type":"","background-media":"","overlay-type":"","overlay-color":"","overlay-opacity":"","overlay-gradient":""},"mobile":{"background-color":"","background-image":"","background-repeat":"repeat","background-position":"center center","background-size":"auto","background-attachment":"scroll","background-type":"","background-media":"","overlay-type":"","overlay-color":"","overlay-opacity":"","overlay-gradient":""}},"ast-content-background-meta":{"desktop":{"background-color":"var(--ast-global-color-5)","background-image":"","background-repeat":"repeat","background-position":"center center","background-size":"auto","background-attachment":"scroll","background-type":"","background-media":"","overlay-type":"","overlay-color":"","overlay-opacity":"","overlay-gradient":""},"tablet":{"background-color":"var(--ast-global-color-5)","background-image":"","background-repeat":"repeat","background-position":"center center","background-size":"auto","background-attachment":"scroll","background-type":"","background-media":"","overlay-type":"","overlay-color":"","overlay-opacity":"","overlay-gradient":""},"mobile":{"background-color":"var(--ast-global-color-5)","background-image":"","background-repeat":"repeat","background-position":"center center","background-size":"auto","background-attachment":"scroll","background-type":"","background-media":"","overlay-type":"","overlay-color":"","overlay-opacity":"","overlay-gradient":""}},"footnotes":""},"class_list":["post-1989","page","type-page","status-publish","hentry"],"aioseo_notices":[],"_links":{"self":[{"href":"https:\/\/jmdlavoz.org\/en\/wp-json\/wp\/v2\/pages\/1989","targetHints":{"allow":["GET"]}}],"collection":[{"href":"https:\/\/jmdlavoz.org\/en\/wp-json\/wp\/v2\/pages"}],"about":[{"href":"https:\/\/jmdlavoz.org\/en\/wp-json\/wp\/v2\/types\/page"}],"author":[{"embeddable":true,"href":"https:\/\/jmdlavoz.org\/en\/wp-json\/wp\/v2\/users\/1"}],"replies":[{"embeddable":true,"href":"https:\/\/jmdlavoz.org\/en\/wp-json\/wp\/v2\/comments?post=1989"}],"version-history":[{"count":10,"href":"https:\/\/jmdlavoz.org\/en\/wp-json\/wp\/v2\/pages\/1989\/revisions"}],"predecessor-version":[{"id":3414,"href":"https:\/\/jmdlavoz.org\/en\/wp-json\/wp\/v2\/pages\/1989\/revisions\/3414"}],"wp:attachment":[{"href":"https:\/\/jmdlavoz.org\/en\/wp-json\/wp\/v2\/media?parent=1989"}],"curies":[{"name":"wp","href":"https:\/\/api.w.org\/{rel}","templated":true}]}}